{"id":350,"date":"2018-12-10T13:51:30","date_gmt":"2018-12-10T13:51:30","guid":{"rendered":"http:\/\/www.aujardindesparents.com\/?page_id=350"},"modified":"2022-08-25T15:09:54","modified_gmt":"2022-08-25T15:09:54","slug":"un-nouveau-rendez-vous-cafe-des-parents-denfants-precoces-eip-ehp","status":"publish","type":"page","link":"http:\/\/www.aujardindesparents.com\/?page_id=350","title":{"rendered":"Caf\u00e9 des parents d&rsquo;enfants pr\u00e9coces, EIP, EHP, z\u00e8bres&#8230;"},"content":{"rendered":"<p>Depuis les premiers rendez vous propos\u00e9s d\u00e9but 2018, nos rencontres ont permis de nombreux et riches \u00e9changes entre parents d&rsquo;enfants \u00e0 haut potentiel. Nous vous en remercions vivement. Voici notre calendrier pour cette ann\u00e9e 2022-2023 :<\/p>\n<blockquote>\n<div class=\"wp-block-group\">\n<div class=\"wp-block-group__inner-container\">\n<p style=\"text-align: center;\"><strong>rendez vous en ligne de 20h30 \u00e0 22h<\/strong><\/p>\n<p style=\"text-align: center;\"><strong>\u00a0<\/strong>vendredi 7 octobre<br \/>\nmercredi 9 novembre<br \/>\nvendredi 2 d\u00e9cembre<br \/>\nmercredi 11 janvier<br \/>\nvendredi 10 f\u00e9vrier<br \/>\nvendredi 17 mars<br \/>\nmercredi 19 avril<br \/>\nmercredi 10 mai<br \/>\nvendredi 2 juin<\/p>\n<p style=\"text-align: center;\">envoyer un mail pour recevoir le lien de connexion<\/p>\n<\/div>\n<\/div>\n<p class=\"has-text-align-center\">Pour vous inscrire ou pour tout compl\u00e9ment d\u2019information :<\/p>\n<p class=\"has-text-align-center\"><strong>cafe.precoces @ aujardindesparents.com<\/strong><\/p>\n<\/blockquote>\n","protected":false},"excerpt":{"rendered":"<p>Depuis les premiers rendez vous propos\u00e9s d\u00e9but 2018, nos rencontres ont permis de nombreux et riches \u00e9changes entre parents d&rsquo;enfants \u00e0 haut potentiel. Nous vous en remercions vivement. Voici notre calendrier pour cette ann\u00e9e 2022-2023 : rendez vous en ligne &hellip; <a href=\"http:\/\/www.aujardindesparents.com\/?page_id=350\">Continuer la lecture <span class=\"meta-nav\">&rarr;<\/span><\/a><\/p>\n","protected":false},"author":2,"featured_media":0,"parent":0,"menu_order":0,"comment_status":"closed","ping_status":"closed","template":"","meta":[],"_links":{"self":[{"href":"http:\/\/www.aujardindesparents.com\/index.php?rest_route=\/wp\/v2\/pages\/350"}],"collection":[{"href":"http:\/\/www.aujardindesparents.com\/index.php?rest_route=\/wp\/v2\/pages"}],"about":[{"href":"http:\/\/www.aujardindesparents.com\/index.php?rest_route=\/wp\/v2\/types\/page"}],"author":[{"embeddable":true,"href":"http:\/\/www.aujardindesparents.com\/index.php?rest_route=\/wp\/v2\/users\/2"}],"replies":[{"embeddable":true,"href":"http:\/\/www.aujardindesparents.com\/index.php?rest_route=%2Fwp%2Fv2%2Fcomments&post=350"}],"version-history":[{"count":20,"href":"http:\/\/www.aujardindesparents.com\/index.php?rest_route=\/wp\/v2\/pages\/350\/revisions"}],"predecessor-version":[{"id":463,"href":"http:\/\/www.aujardindesparents.com\/index.php?rest_route=\/wp\/v2\/pages\/350\/revisions\/463"}],"wp:attachment":[{"href":"http:\/\/www.aujardindesparents.com\/index.php?rest_route=%2Fwp%2Fv2%2Fmedia&parent=350"}],"curies":[{"name":"wp","href":"https:\/\/api.w.org\/{rel}","templated":true}]}}